{"id":30712,"date":"2025-05-06T12:51:26","date_gmt":"2025-05-06T10:51:26","guid":{"rendered":"https:\/\/shop.dronebase.it\/product\/dji-matrice-4-series-propellers\/"},"modified":"2026-04-25T12:51:26","modified_gmt":"2026-04-25T10:51:26","slug":"dji-matrice-4-series-propellers","status":"publish","type":"product","link":"https:\/\/shop.dronebase.it\/en\/product\/dji-matrice-4-series-propellers\/","title":{"rendered":"DJI Matrice 4 Series &#8211; Propellers"},"content":{"rendered":"\t\t<div data-elementor-type=\"product-post\" data-elementor-id=\"30712\" class=\"elementor elementor-30712 elementor-28972\" data-elementor-post-type=\"product\">\n\t\t\t\t<div class=\"elementor-element elementor-element-694ebfc e-flex e-con-boxed e-con e-parent\" data-id=\"694ebfc\" data-element_type=\"container\" data-e-type=\"container\">\n\t\t\t\t\t<div class=\"e-con-inner\">\n\t\t\t\t<div class=\"elementor-element elementor-element-4f17377 elementor-widget elementor-widget-text-editor\" data-id=\"4f17377\" data-element_type=\"widget\" data-e-type=\"widget\" data-widget_type=\"text-editor.default\">\n\t\t\t\t<div class=\"elementor-widget-container\">\n\t\t\t\t\t\t\t\t\t<p class=\"\" data-start=\"113\" data-end=\"412\">Ogni pala dell\u2019elica \u00e8 stata bilanciata con precisione per garantire un tempo di volo pi\u00f9 lungo, un funzionamento pi\u00f9 silenzioso, una maggiore efficienza aerodinamica e un consumo energetico ridotto. Il nuovo design di sicurezza \u00e8 pensato per limitare i danni a persone o oggetti in caso di impatto.<br \/><br \/><strong data-start=\"414\" data-end=\"430\">Suggerimenti<br \/><\/strong>1.Montare sempre le eliche seguendo le istruzioni riportate nel manuale d\u2019uso.<br \/>2.Sostituire immediatamente le eliche danneggiate.<br \/><br \/><strong data-start=\"567\" data-end=\"581\">Specifiche<br \/><\/strong>Dimensioni (diametro x passo): 27,4 \u00d7 14,5 cm<br \/>Peso (singola elica): 10,8 g<br \/><br \/><strong data-start=\"665\" data-end=\"682\">Compatibilit\u00e0<br \/><\/strong>Serie Matrice 4<br \/><br \/><strong data-start=\"703\" data-end=\"733\">Contenuto della confezione<br \/><\/strong>1 coppia di eliche (CW + CCW)<\/p>\t\t\t\t\t\t\t\t<\/div>\n\t\t\t\t<\/div>\n\t\t\t\t\t<\/div>\n\t\t\t\t<\/div>\n\t\t\t\t<\/div>\n\t\t","protected":false},"excerpt":{"rendered":"<p>Precisely balanced propellers for extended flight time and quiet operation. Advanced safety design to reduce damage on impact. Available at DroneBase, DJI Gold 5 Dealer.<\/p>\n","protected":false},"featured_media":28978,"comment_status":"open","ping_status":"closed","template":"","meta":{"_acf_changed":false,"inline_featured_image":false},"product_brand":[],"product_cat":[523],"product_tag":[],"class_list":{"0":"post-30712","1":"product","2":"type-product","3":"status-publish","4":"has-post-thumbnail","6":"product_cat-dji-matrice-4-series","8":"first","9":"instock","10":"taxable","11":"shipping-taxable","12":"purchasable","13":"product-type-simple"},"acf":[],"yoast_head":"<!-- This site is optimized with the Yoast SEO Premium plugin v27.4 (Yoast SEO v27.4) - https:\/\/yoast.com\/product\/yoast-seo-premium-wordpress\/ -->\n<title>DJI Matrice 4 Series - Propellers | Droni Professionali<\/title>\n<meta name=\"description\" content=\"High-precision propellers for DJI Matrice 4, designed to increase flight range, reduce noise, improve efficiency and provide greater safety in the event of impact.\" \/>\n<meta name=\"robots\" content=\"index, follow, max-snippet:-1, max-image-preview:large, max-video-preview:-1\" \/>\n<link rel=\"canonical\" href=\"https:\/\/shop.dronebase.it\/en\/product\/dji-matrice-4-series-propellers\/\" \/>\n<meta property=\"og:locale\" content=\"en_US\" \/>\n<meta property=\"og:type\" content=\"article\" \/>\n<meta property=\"og:title\" content=\"DJI Matrice 4 Series - Propellers\" \/>\n<meta property=\"og:description\" content=\"High-precision propellers for DJI Matrice 4, designed to increase flight range, reduce noise, improve efficiency and provide greater safety in the event of impact.\" \/>\n<meta property=\"og:url\" content=\"https:\/\/shop.dronebase.it\/en\/product\/dji-matrice-4-series-propellers\/\" \/>\n<meta property=\"og:site_name\" content=\"DroneBase | Droni Professionali\" \/>\n<meta property=\"article:modified_time\" content=\"2026-04-25T10:51:26+00:00\" \/>\n<meta property=\"og:image\" content=\"https:\/\/shop.dronebase.it\/wp-content\/uploads\/2025\/05\/dji-matrice-4-series-eliche.jpg\" \/>\n\t<meta property=\"og:image:width\" content=\"800\" \/>\n\t<meta property=\"og:image:height\" content=\"800\" \/>\n\t<meta property=\"og:image:type\" content=\"image\/jpeg\" \/>\n<meta name=\"twitter:card\" content=\"summary_large_image\" \/>\n<meta name=\"twitter:label1\" content=\"Price\" \/>\n\t<meta name=\"twitter:data1\" content=\"20,00&nbsp;&euro; TAX Included\" \/>\n\t<meta name=\"twitter:label2\" content=\"Availability\" \/>\n\t<meta name=\"twitter:data2\" content=\"In stock\" \/>\n<script type=\"application\/ld+json\" class=\"yoast-schema-graph\">{\"@context\":\"https:\\\/\\\/schema.org\",\"@graph\":[{\"@type\":\"WebPage\",\"@id\":\"https:\\\/\\\/shop.dronebase.it\\\/en\\\/product\\\/dji-matrice-4-series-propellers\\\/\",\"url\":\"https:\\\/\\\/shop.dronebase.it\\\/en\\\/product\\\/dji-matrice-4-series-propellers\\\/\",\"name\":\"DJI Matrice 4 Series - Propellers | Droni Professionali\",\"isPartOf\":{\"@id\":\"https:\\\/\\\/shop.dronebase.it\\\/en\\\/#website\"},\"primaryImageOfPage\":{\"@id\":\"https:\\\/\\\/shop.dronebase.it\\\/en\\\/product\\\/dji-matrice-4-series-propellers\\\/#primaryimage\"},\"image\":{\"@id\":\"https:\\\/\\\/shop.dronebase.it\\\/en\\\/product\\\/dji-matrice-4-series-propellers\\\/#primaryimage\"},\"thumbnailUrl\":\"https:\\\/\\\/shop.dronebase.it\\\/wp-content\\\/uploads\\\/2025\\\/05\\\/dji-matrice-4-series-eliche.jpg\",\"datePublished\":\"2025-05-06T10:51:26+00:00\",\"dateModified\":\"2026-04-25T10:51:26+00:00\",\"description\":\"High-precision propellers for DJI Matrice 4, designed to increase flight range, reduce noise, improve efficiency and provide greater safety in the event of impact.\",\"breadcrumb\":{\"@id\":\"https:\\\/\\\/shop.dronebase.it\\\/en\\\/product\\\/dji-matrice-4-series-propellers\\\/#breadcrumb\"},\"inLanguage\":\"en-US\",\"potentialAction\":[{\"@type\":\"ReadAction\",\"target\":[\"https:\\\/\\\/shop.dronebase.it\\\/en\\\/product\\\/dji-matrice-4-series-propellers\\\/\"]}]},{\"@type\":\"ImageObject\",\"inLanguage\":\"en-US\",\"@id\":\"https:\\\/\\\/shop.dronebase.it\\\/en\\\/product\\\/dji-matrice-4-series-propellers\\\/#primaryimage\",\"url\":\"https:\\\/\\\/shop.dronebase.it\\\/wp-content\\\/uploads\\\/2025\\\/05\\\/dji-matrice-4-series-eliche.jpg\",\"contentUrl\":\"https:\\\/\\\/shop.dronebase.it\\\/wp-content\\\/uploads\\\/2025\\\/05\\\/dji-matrice-4-series-eliche.jpg\",\"width\":800,\"height\":800,\"caption\":\"Propellers for Drone DJI Matrice 4 Series\"},{\"@type\":\"BreadcrumbList\",\"@id\":\"https:\\\/\\\/shop.dronebase.it\\\/en\\\/product\\\/dji-matrice-4-series-propellers\\\/#breadcrumb\",\"itemListElement\":[{\"@type\":\"ListItem\",\"position\":1,\"name\":\"Home\",\"item\":\"https:\\\/\\\/shop.dronebase.it\\\/en\\\/\"},{\"@type\":\"ListItem\",\"position\":2,\"name\":\"Shop\",\"item\":\"https:\\\/\\\/shop.dronebase.it\\\/en\\\/shop\\\/\"},{\"@type\":\"ListItem\",\"position\":3,\"name\":\"DJI Matrice 4 Series &#8211; Propellers\"}]},{\"@type\":\"WebSite\",\"@id\":\"https:\\\/\\\/shop.dronebase.it\\\/en\\\/#website\",\"url\":\"https:\\\/\\\/shop.dronebase.it\\\/en\\\/\",\"name\":\"DroneBase | Droni Professionali\",\"description\":\"\",\"potentialAction\":[{\"@type\":\"SearchAction\",\"target\":{\"@type\":\"EntryPoint\",\"urlTemplate\":\"https:\\\/\\\/shop.dronebase.it\\\/en\\\/?s={search_term_string}\"},\"query-input\":{\"@type\":\"PropertyValueSpecification\",\"valueRequired\":true,\"valueName\":\"search_term_string\"}}],\"inLanguage\":\"en-US\"}]}<\/script>\n<meta property=\"product:price:amount\" content=\"20.00\" \/>\n<meta property=\"product:price:currency\" content=\"EUR\" \/>\n<meta property=\"og:availability\" content=\"instock\" \/>\n<meta property=\"product:availability\" content=\"instock\" \/>\n<meta property=\"product:retailer_item_id\" content=\"DJMET3\" \/>\n<meta property=\"product:condition\" content=\"new\" \/>\n<!-- \/ Yoast SEO Premium plugin. -->","yoast_head_json":{"title":"DJI Matrice 4 Series - Propellers | Droni Professionali","description":"High-precision propellers for DJI Matrice 4, designed to increase flight range, reduce noise, improve efficiency and provide greater safety in the event of impact.","robots":{"index":"index","follow":"follow","max-snippet":"max-snippet:-1","max-image-preview":"max-image-preview:large","max-video-preview":"max-video-preview:-1"},"canonical":"https:\/\/shop.dronebase.it\/en\/product\/dji-matrice-4-series-propellers\/","og_locale":"en_US","og_type":"article","og_title":"DJI Matrice 4 Series - Propellers","og_description":"High-precision propellers for DJI Matrice 4, designed to increase flight range, reduce noise, improve efficiency and provide greater safety in the event of impact.","og_url":"https:\/\/shop.dronebase.it\/en\/product\/dji-matrice-4-series-propellers\/","og_site_name":"DroneBase | Droni Professionali","article_modified_time":"2026-04-25T10:51:26+00:00","og_image":[{"width":800,"height":800,"url":"https:\/\/shop.dronebase.it\/wp-content\/uploads\/2025\/05\/dji-matrice-4-series-eliche.jpg","type":"image\/jpeg"}],"twitter_card":"summary_large_image","twitter_misc":{"Price":"20,00&nbsp;&euro; TAX Included","Availability":"In stock"},"schema":{"@context":"https:\/\/schema.org","@graph":[{"@type":"WebPage","@id":"https:\/\/shop.dronebase.it\/en\/product\/dji-matrice-4-series-propellers\/","url":"https:\/\/shop.dronebase.it\/en\/product\/dji-matrice-4-series-propellers\/","name":"DJI Matrice 4 Series - Propellers | Droni Professionali","isPartOf":{"@id":"https:\/\/shop.dronebase.it\/en\/#website"},"primaryImageOfPage":{"@id":"https:\/\/shop.dronebase.it\/en\/product\/dji-matrice-4-series-propellers\/#primaryimage"},"image":{"@id":"https:\/\/shop.dronebase.it\/en\/product\/dji-matrice-4-series-propellers\/#primaryimage"},"thumbnailUrl":"https:\/\/shop.dronebase.it\/wp-content\/uploads\/2025\/05\/dji-matrice-4-series-eliche.jpg","datePublished":"2025-05-06T10:51:26+00:00","dateModified":"2026-04-25T10:51:26+00:00","description":"High-precision propellers for DJI Matrice 4, designed to increase flight range, reduce noise, improve efficiency and provide greater safety in the event of impact.","breadcrumb":{"@id":"https:\/\/shop.dronebase.it\/en\/product\/dji-matrice-4-series-propellers\/#breadcrumb"},"inLanguage":"en-US","potentialAction":[{"@type":"ReadAction","target":["https:\/\/shop.dronebase.it\/en\/product\/dji-matrice-4-series-propellers\/"]}]},{"@type":"ImageObject","inLanguage":"en-US","@id":"https:\/\/shop.dronebase.it\/en\/product\/dji-matrice-4-series-propellers\/#primaryimage","url":"https:\/\/shop.dronebase.it\/wp-content\/uploads\/2025\/05\/dji-matrice-4-series-eliche.jpg","contentUrl":"https:\/\/shop.dronebase.it\/wp-content\/uploads\/2025\/05\/dji-matrice-4-series-eliche.jpg","width":800,"height":800,"caption":"Propellers for Drone DJI Matrice 4 Series"},{"@type":"BreadcrumbList","@id":"https:\/\/shop.dronebase.it\/en\/product\/dji-matrice-4-series-propellers\/#breadcrumb","itemListElement":[{"@type":"ListItem","position":1,"name":"Home","item":"https:\/\/shop.dronebase.it\/en\/"},{"@type":"ListItem","position":2,"name":"Shop","item":"https:\/\/shop.dronebase.it\/en\/shop\/"},{"@type":"ListItem","position":3,"name":"DJI Matrice 4 Series &#8211; Propellers"}]},{"@type":"WebSite","@id":"https:\/\/shop.dronebase.it\/en\/#website","url":"https:\/\/shop.dronebase.it\/en\/","name":"DroneBase | Droni Professionali","description":"","potentialAction":[{"@type":"SearchAction","target":{"@type":"EntryPoint","urlTemplate":"https:\/\/shop.dronebase.it\/en\/?s={search_term_string}"},"query-input":{"@type":"PropertyValueSpecification","valueRequired":true,"valueName":"search_term_string"}}],"inLanguage":"en-US"}]},"product_price_amount":"20.00","product_price_currency":"EUR","og_availability":"instock","product_availability":"instock","product_retailer_item_id":"DJMET3","product_condition":"new"},"_links":{"self":[{"href":"https:\/\/shop.dronebase.it\/en\/wp-json\/wp\/v2\/product\/30712","targetHints":{"allow":["GET"]}}],"collection":[{"href":"https:\/\/shop.dronebase.it\/en\/wp-json\/wp\/v2\/product"}],"about":[{"href":"https:\/\/shop.dronebase.it\/en\/wp-json\/wp\/v2\/types\/product"}],"replies":[{"embeddable":true,"href":"https:\/\/shop.dronebase.it\/en\/wp-json\/wp\/v2\/comments?post=30712"}],"version-history":[{"count":0,"href":"https:\/\/shop.dronebase.it\/en\/wp-json\/wp\/v2\/product\/30712\/revisions"}],"wp:featuredmedia":[{"embeddable":true,"href":"https:\/\/shop.dronebase.it\/en\/wp-json\/wp\/v2\/media\/28978"}],"wp:attachment":[{"href":"https:\/\/shop.dronebase.it\/en\/wp-json\/wp\/v2\/media?parent=30712"}],"wp:term":[{"taxonomy":"product_brand","embeddable":true,"href":"https:\/\/shop.dronebase.it\/en\/wp-json\/wp\/v2\/product_brand?post=30712"},{"taxonomy":"product_cat","embeddable":true,"href":"https:\/\/shop.dronebase.it\/en\/wp-json\/wp\/v2\/product_cat?post=30712"},{"taxonomy":"product_tag","embeddable":true,"href":"https:\/\/shop.dronebase.it\/en\/wp-json\/wp\/v2\/product_tag?post=30712"}],"curies":[{"name":"wp","href":"https:\/\/api.w.org\/{rel}","templated":true}]}}