{"id":31572,"date":"2025-06-13T12:01:33","date_gmt":"2025-06-13T10:01:33","guid":{"rendered":"https:\/\/shop.dronebase.it\/?post_type=product&#038;p=31572"},"modified":"2026-04-18T15:34:32","modified_gmt":"2026-04-18T13:34:32","slug":"dji-bs100-intelligent-battery-station-for-dji-matrice-400","status":"publish","type":"product","link":"https:\/\/shop.dronebase.it\/en\/product\/dji-bs100-intelligent-battery-station-for-dji-matrice-400\/","title":{"rendered":"DJI BS100 Intelligent Battery Station for DJI Matrice 400"},"content":{"rendered":"\t\t<div data-elementor-type=\"product-post\" data-elementor-id=\"31572\" class=\"elementor elementor-31572 elementor-31388\" data-elementor-post-type=\"product\">\n\t\t\t\t<div class=\"elementor-element elementor-element-e8dc805 e-flex e-con-boxed e-con e-parent\" data-id=\"e8dc805\" data-element_type=\"container\" data-e-type=\"container\">\n\t\t\t\t\t<div class=\"e-con-inner\">\n\t\t\t\t<div class=\"elementor-element elementor-element-dbda22d elementor-widget elementor-widget-text-editor\" data-id=\"dbda22d\" data-element_type=\"widget\" data-e-type=\"widget\" data-widget_type=\"text-editor.default\">\n\t\t\t\t<div class=\"elementor-widget-container\">\n\t\t\t\t\t\t\t\t\t<p>The <strong>DJI BS100 Intelligent Battery Station<\/strong> is the professional solution for fast and safe charging of TB100 batteries for the new <strong>Matrice 400<\/strong> and WB37 batteries for radio controls. With intelligent charging capability, silent mode, and support for up to three TB100 and two WB37 batteries at the same time, the BS100 is designed to reduce downtime and ensure continuous, high-performance operations in any operating scenario. <\/p><h3><b><br>Main Features<\/b><\/h3><ul><li><p>Charges 3 TB100 batteries and 2 WB37 batteries simultaneously<\/p><\/li><li><p>Fast Charging: 0-90% in 45 minutes at 220 V<\/p><\/li><li><p>Ready-to-Fly, Standard, Silent Charging Modes<\/p><\/li><li><p>Supports universal voltage 100-240V AC<\/p><\/li><li><p>Intelligent and automatic charging with advanced monitoring<\/p><\/li><li><p>Compatibility with TB100, TB100C Tethered, WB37 batteries<\/p><\/li><\/ul><h3><b>DJI BS100 Technical Specifications<\/b><\/h3>\t\t\t\t\t\t\t\t<\/div>\n\t\t\t\t<\/div>\n\t\t\t\t<div class=\"elementor-element elementor-element-2e3956c elementor-widget elementor-widget-shortcode\" data-id=\"2e3956c\" data-element_type=\"widget\" data-e-type=\"widget\" data-widget_type=\"shortcode.default\">\n\t\t\t\t<div class=\"elementor-widget-container\">\n\t\t\t\t\t\t\t<div class=\"elementor-shortcode\">\n    <div class=\"wpdt-c \">\n    \n<input type=\"hidden\" id=\"wdtNonceFrontendEdit\" name=\"wdtNonceFrontendEdit\" value=\"296be719d3\" \/><input type=\"hidden\" name=\"_wp_http_referer\" value=\"\/en\/wp-json\/wp\/v2\/product\/31572\" \/>    <input type=\"hidden\" id=\"table_1_desc\" value='{\"tableId\":\"table_1\",\"tableType\":\"csv\",\"selector\":\"#table_1\",\"responsive\":true,\"responsiveAction\":\"icon\",\"infoBlock\":false,\"pagination\":0,\"paginationAlign\":\"right\",\"paginationLayout\":\"full_numbers\",\"paginationLayoutMobile\":\"simple\",\"file_location\":\"wp_media_lib\",\"table_wcag\":0,\"simple_template_id\":0,\"scrollable\":false,\"globalSearch\":false,\"showRowsPerPage\":false,\"hideBeforeLoad\":true,\"pagination_top\":0,\"number_format\":1,\"decimalPlaces\":2,\"spinnerSrc\":\"https:\\\/\\\/shop.dronebase.it\\\/wp-content\\\/plugins\\\/wpdatatables\\\/assets\\\/\\\/img\\\/spinner.gif\",\"groupingEnabled\":false,\"tableWpId\":93,\"dataTableParams\":{\"sDom\":\"BT\\u003C\\u0027clear\\u0027\\u003Et\",\"bSortCellsTop\":false,\"aLengthMenu\":[[1,5,10,25,50,100,-1],[1,5,10,25,50,100,\"All\"]],\"iDisplayLength\":-1,\"columnDefs\":[{\"sType\":\"string\",\"wdtType\":\"string\",\"bVisible\":true,\"orderable\":true,\"searchable\":true,\"InputType\":\"text\",\"name\":\"Parametro\",\"origHeader\":\"Parametro\",\"notNull\":false,\"conditionalFormattingRules\":[],\"className\":\" column-parametro\",\"aTargets\":[0]},{\"sType\":\"string\",\"wdtType\":\"string\",\"bVisible\":true,\"orderable\":true,\"searchable\":true,\"InputType\":\"text\",\"name\":\"Valore\",\"origHeader\":\"Valore\",\"notNull\":false,\"conditionalFormattingRules\":[],\"className\":\" column-valore\",\"aTargets\":[1]}],\"bAutoWidth\":false,\"order\":[[0,\"asc\"]],\"ordering\":false,\"buttons\":[],\"oSearch\":{\"bSmart\":false,\"bRegex\":false,\"sSearch\":\"\"}},\"currentSkin\":\"skin1\",\"tabletWidth\":\"1024\",\"mobileWidth\":\"480\",\"columnsFixed\":0,\"timeFormat\":\"h:i A\",\"datepickFormat\":\"dd\\\/mm\\\/yy\"}'\/>\n\n    <table id=\"table_1\"\n           class=\"           responsive           display nowrap data-t wpDataTable wpDataTableID-93\"\n           style=\"display: none; \"\n           data-described-by='table_1_desc'\n           data-wpdatatable_id=\"93\">\n        \n        <!-- Table header -->\n        \n<thead>\n<tr>\n                    <th\n        data-class=\"expand\"                class=\" wdtheader sort \"\n        style=\"\">Parametro<\/th>        <th\n                        class=\" wdtheader sort \"\n        style=\"\">Valore<\/th>    <\/tr>\n<\/thead>\n        <!-- \/Table header -->\n\n        <!-- Table body -->\n        \n<tbody>\n        <tr id=\"table_93_row_0\">\n                    <td style=\"\">Modello<\/td>\n                    <td style=\"\">BS100<\/td>\n            <\/tr>\n            <tr id=\"table_93_row_1\">\n                    <td style=\"\">Peso Netto<\/td>\n                    <td style=\"\">11.8 kg<\/td>\n            <\/tr>\n            <tr id=\"table_93_row_2\">\n                    <td style=\"\">Dimensioni<\/td>\n                    <td style=\"\">605 \u00d7 410 \u00d7 250 mm (L \u00d7 W \u00d7 H)<\/td>\n            <\/tr>\n            <tr id=\"table_93_row_3\">\n                    <td style=\"\">Batterie Supportate<\/td>\n                    <td style=\"\">TB100, TB100C (tethered), WB37<\/td>\n            <\/tr>\n            <tr id=\"table_93_row_4\">\n                    <td style=\"\">Temperatura Operativa<\/td>\n                    <td style=\"\">-20\u00b0C ~ 40\u00b0C<\/td>\n            <\/tr>\n            <tr id=\"table_93_row_5\">\n                    <td style=\"\">Ingresso<\/td>\n                    <td style=\"\">100\u2013240 V AC, 50\u201360 Hz, 10 A<\/td>\n            <\/tr>\n            <tr id=\"table_93_row_6\">\n                    <td style=\"\">Uscita \u2013 TB100<\/td>\n                    <td style=\"\">100\u2013110 V: ~1185 W; 110\u2013180 V: ~1474 W; 180\u2013240 V: ~2184 W<\/td>\n            <\/tr>\n            <tr id=\"table_93_row_7\">\n                    <td style=\"\">Uscita \u2013 WB37<\/td>\n                    <td style=\"\">100\u2013240 V: ~52 W<\/td>\n            <\/tr>\n            <tr id=\"table_93_row_8\">\n                    <td style=\"\">Uscita USB-C<\/td>\n                    <td style=\"\">5.0 \/ 9.0 \/ 12.0 \/ 15.0 \/ 20.0 V @ 3.0\u20133.25 A<\/td>\n            <\/tr>\n            <tr id=\"table_93_row_9\">\n                    <td style=\"\">Numero Canali di Carica<\/td>\n                    <td style=\"\">3 (TB100) + 2 (WB37)<\/td>\n            <\/tr>\n            <tr id=\"table_93_row_10\">\n                    <td style=\"\">Modalit\u00e0 di Carica<\/td>\n                    <td style=\"\">Ready-to-Fly 90%, Standard 100%, Fast Mode, Silent Mode<\/td>\n            <\/tr>\n            <tr id=\"table_93_row_11\">\n                    <td style=\"\">Tempo di Carica TB100 (220 V)<\/td>\n                    <td style=\"\">0\u201390%: 45 min; 0\u2013100%: 110 min (Silent)<\/td>\n            <\/tr>\n            <tr id=\"table_93_row_12\">\n                    <td style=\"\">Tempo di Carica TB100 (110 V)<\/td>\n                    <td style=\"\">0\u201390%: 70 min; 0\u2013100%: 110 min (Silent)<\/td>\n            <\/tr>\n    <\/tbody>        <!-- \/Table body -->\n\n        \n    <\/table>\n\n        \n<\/div><style>\ntable.wpDataTable { table-layout: fixed !important; }\ntable.wpDataTable td, table.wpDataTable th { white-space: normal !important; }\ntable.wpDataTable td.numdata { text-align: right !important; }\n<\/style>\n<\/div>\n\t\t\t\t\t\t<\/div>\n\t\t\t\t<\/div>\n\t\t\t\t\t<\/div>\n\t\t\t\t<\/div>\n\t\t<div class=\"elementor-element elementor-element-d580d07 e-flex e-con-boxed e-con e-parent\" data-id=\"d580d07\" data-element_type=\"container\" data-e-type=\"container\">\n\t\t\t\t\t<div class=\"e-con-inner\">\n\t\t\t\t<div class=\"elementor-element elementor-element-b46ee2f elementor-widget elementor-widget-text-editor\" data-id=\"b46ee2f\" data-element_type=\"widget\" data-e-type=\"widget\" data-widget_type=\"text-editor.default\">\n\t\t\t\t<div class=\"elementor-widget-container\">\n\t\t\t\t\t\t\t\t\t<h3><b>Smart Modes<\/b><\/h3><ul><li><p>Fast Mode: maximum charging speed<\/p><\/li><li><p>Silent Mode: ideal for quiet or nighttime environments<\/p><\/li><li><p>Ready-to-Fly Mode: 90% charging to preserve battery health during short-term storage<\/p><\/li><\/ul><h3><b>Package Contents<\/b><\/h3><ul><li><p>1x DJI BS100 Battery Station<\/p><\/li><li><p>AC power cord<\/p><\/li><li><p>User&#8217;s Manual<\/p><\/li><\/ul><h3><b>Compatibility<\/b><\/h3><ul><li><p>DJI Matrice 400<\/p><\/li><li><p>Radio controls compatible with WB37 battery<\/p><\/li><\/ul>\t\t\t\t\t\t\t\t<\/div>\n\t\t\t\t<\/div>\n\t\t\t\t\t<\/div>\n\t\t\t\t<\/div>\n\t\t\t\t<\/div>\n\t\t","protected":false},"excerpt":{"rendered":"<p>Intelligent charging for 3 TB100 and 2 WB37 batteries simultaneously with Fast Charging mode 0-90% in 45 minutes. Professional solution for continuous Matrice 400 operations. Available at DroneBase, DJI Gold 5 Dealer.<\/p>\n","protected":false},"featured_media":31398,"comment_status":"open","ping_status":"closed","template":"","meta":{"_acf_changed":false,"inline_featured_image":false},"product_brand":[],"product_cat":[578],"product_tag":[],"class_list":{"0":"post-31572","1":"product","2":"type-product","3":"status-publish","4":"has-post-thumbnail","6":"product_cat-dji-matrice-400-en","8":"first","9":"instock","10":"taxable","11":"shipping-taxable","12":"purchasable","13":"product-type-simple"},"acf":[],"yoast_head":"<!-- This site is optimized with the Yoast SEO Premium plugin v27.4 (Yoast SEO v27.4) - https:\/\/yoast.com\/product\/yoast-seo-premium-wordpress\/ -->\n<title>DJI BS100 Battery Station - Smart Charger for TB100 DJI Matrice 400<\/title>\n<meta name=\"description\" content=\"DJI BS100 smart charging station for TB100 and WB37 DJI Matrice 400 batteries. Fast charging, silent mode and multiple support.\" \/>\n<meta name=\"robots\" content=\"index, follow, max-snippet:-1, max-image-preview:large, max-video-preview:-1\" \/>\n<link rel=\"canonical\" href=\"https:\/\/shop.dronebase.it\/en\/product\/dji-bs100-intelligent-battery-station-for-dji-matrice-400\/\" \/>\n<meta property=\"og:locale\" content=\"en_US\" \/>\n<meta property=\"og:type\" content=\"article\" \/>\n<meta property=\"og:title\" content=\"DJI BS100 Intelligent Battery Station for DJI Matrice 400\" \/>\n<meta property=\"og:description\" content=\"DJI BS100 smart charging station for TB100 and WB37 DJI Matrice 400 batteries. Fast charging, silent mode and multiple support.\" \/>\n<meta property=\"og:url\" content=\"https:\/\/shop.dronebase.it\/en\/product\/dji-bs100-intelligent-battery-station-for-dji-matrice-400\/\" \/>\n<meta property=\"og:site_name\" content=\"DroneBase | Droni Professionali\" \/>\n<meta property=\"article:modified_time\" content=\"2026-04-18T13:34:32+00:00\" \/>\n<meta property=\"og:image\" content=\"https:\/\/shop.dronebase.it\/wp-content\/uploads\/2025\/06\/BS100_resized_5.jpg\" \/>\n\t<meta property=\"og:image:width\" content=\"800\" \/>\n\t<meta property=\"og:image:height\" content=\"800\" \/>\n\t<meta property=\"og:image:type\" content=\"image\/jpeg\" \/>\n<meta name=\"twitter:card\" content=\"summary_large_image\" \/>\n<meta name=\"twitter:label1\" content=\"Est. reading time\" \/>\n\t<meta name=\"twitter:data1\" content=\"3 minutes\" \/>\n<script type=\"application\/ld+json\" class=\"yoast-schema-graph\">{\"@context\":\"https:\\\/\\\/schema.org\",\"@graph\":[{\"@type\":\"WebPage\",\"@id\":\"https:\\\/\\\/shop.dronebase.it\\\/en\\\/product\\\/dji-bs100-intelligent-battery-station-for-dji-matrice-400\\\/\",\"url\":\"https:\\\/\\\/shop.dronebase.it\\\/en\\\/product\\\/dji-bs100-intelligent-battery-station-for-dji-matrice-400\\\/\",\"name\":\"DJI BS100 Battery Station - Smart Charger for TB100 DJI Matrice 400\",\"isPartOf\":{\"@id\":\"https:\\\/\\\/shop.dronebase.it\\\/en\\\/#website\"},\"primaryImageOfPage\":{\"@id\":\"https:\\\/\\\/shop.dronebase.it\\\/en\\\/product\\\/dji-bs100-intelligent-battery-station-for-dji-matrice-400\\\/#primaryimage\"},\"image\":{\"@id\":\"https:\\\/\\\/shop.dronebase.it\\\/en\\\/product\\\/dji-bs100-intelligent-battery-station-for-dji-matrice-400\\\/#primaryimage\"},\"thumbnailUrl\":\"https:\\\/\\\/shop.dronebase.it\\\/wp-content\\\/uploads\\\/2025\\\/06\\\/BS100_resized_5.jpg\",\"datePublished\":\"2025-06-13T10:01:33+00:00\",\"dateModified\":\"2026-04-18T13:34:32+00:00\",\"description\":\"DJI BS100 smart charging station for TB100 and WB37 DJI Matrice 400 batteries. Fast charging, silent mode and multiple support.\",\"breadcrumb\":{\"@id\":\"https:\\\/\\\/shop.dronebase.it\\\/en\\\/product\\\/dji-bs100-intelligent-battery-station-for-dji-matrice-400\\\/#breadcrumb\"},\"inLanguage\":\"en-US\",\"potentialAction\":[{\"@type\":\"ReadAction\",\"target\":[\"https:\\\/\\\/shop.dronebase.it\\\/en\\\/product\\\/dji-bs100-intelligent-battery-station-for-dji-matrice-400\\\/\"]}]},{\"@type\":\"ImageObject\",\"inLanguage\":\"en-US\",\"@id\":\"https:\\\/\\\/shop.dronebase.it\\\/en\\\/product\\\/dji-bs100-intelligent-battery-station-for-dji-matrice-400\\\/#primaryimage\",\"url\":\"https:\\\/\\\/shop.dronebase.it\\\/wp-content\\\/uploads\\\/2025\\\/06\\\/BS100_resized_5.jpg\",\"contentUrl\":\"https:\\\/\\\/shop.dronebase.it\\\/wp-content\\\/uploads\\\/2025\\\/06\\\/BS100_resized_5.jpg\",\"width\":800,\"height\":800},{\"@type\":\"BreadcrumbList\",\"@id\":\"https:\\\/\\\/shop.dronebase.it\\\/en\\\/product\\\/dji-bs100-intelligent-battery-station-for-dji-matrice-400\\\/#breadcrumb\",\"itemListElement\":[{\"@type\":\"ListItem\",\"position\":1,\"name\":\"Home\",\"item\":\"https:\\\/\\\/shop.dronebase.it\\\/en\\\/\"},{\"@type\":\"ListItem\",\"position\":2,\"name\":\"Shop\",\"item\":\"https:\\\/\\\/shop.dronebase.it\\\/en\\\/shop\\\/\"},{\"@type\":\"ListItem\",\"position\":3,\"name\":\"DJI BS100 Intelligent Battery Station for DJI Matrice 400\"}]},{\"@type\":\"WebSite\",\"@id\":\"https:\\\/\\\/shop.dronebase.it\\\/en\\\/#website\",\"url\":\"https:\\\/\\\/shop.dronebase.it\\\/en\\\/\",\"name\":\"DroneBase | Droni Professionali\",\"description\":\"\",\"potentialAction\":[{\"@type\":\"SearchAction\",\"target\":{\"@type\":\"EntryPoint\",\"urlTemplate\":\"https:\\\/\\\/shop.dronebase.it\\\/en\\\/?s={search_term_string}\"},\"query-input\":{\"@type\":\"PropertyValueSpecification\",\"valueRequired\":true,\"valueName\":\"search_term_string\"}}],\"inLanguage\":\"en-US\"}]}<\/script>\n<!-- \/ Yoast SEO Premium plugin. -->","yoast_head_json":{"title":"DJI BS100 Battery Station - Smart Charger for TB100 DJI Matrice 400","description":"DJI BS100 smart charging station for TB100 and WB37 DJI Matrice 400 batteries. Fast charging, silent mode and multiple support.","robots":{"index":"index","follow":"follow","max-snippet":"max-snippet:-1","max-image-preview":"max-image-preview:large","max-video-preview":"max-video-preview:-1"},"canonical":"https:\/\/shop.dronebase.it\/en\/product\/dji-bs100-intelligent-battery-station-for-dji-matrice-400\/","og_locale":"en_US","og_type":"article","og_title":"DJI BS100 Intelligent Battery Station for DJI Matrice 400","og_description":"DJI BS100 smart charging station for TB100 and WB37 DJI Matrice 400 batteries. Fast charging, silent mode and multiple support.","og_url":"https:\/\/shop.dronebase.it\/en\/product\/dji-bs100-intelligent-battery-station-for-dji-matrice-400\/","og_site_name":"DroneBase | Droni Professionali","article_modified_time":"2026-04-18T13:34:32+00:00","og_image":[{"width":800,"height":800,"url":"https:\/\/shop.dronebase.it\/wp-content\/uploads\/2025\/06\/BS100_resized_5.jpg","type":"image\/jpeg"}],"twitter_card":"summary_large_image","twitter_misc":{"Est. reading time":"3 minutes"},"schema":{"@context":"https:\/\/schema.org","@graph":[{"@type":"WebPage","@id":"https:\/\/shop.dronebase.it\/en\/product\/dji-bs100-intelligent-battery-station-for-dji-matrice-400\/","url":"https:\/\/shop.dronebase.it\/en\/product\/dji-bs100-intelligent-battery-station-for-dji-matrice-400\/","name":"DJI BS100 Battery Station - Smart Charger for TB100 DJI Matrice 400","isPartOf":{"@id":"https:\/\/shop.dronebase.it\/en\/#website"},"primaryImageOfPage":{"@id":"https:\/\/shop.dronebase.it\/en\/product\/dji-bs100-intelligent-battery-station-for-dji-matrice-400\/#primaryimage"},"image":{"@id":"https:\/\/shop.dronebase.it\/en\/product\/dji-bs100-intelligent-battery-station-for-dji-matrice-400\/#primaryimage"},"thumbnailUrl":"https:\/\/shop.dronebase.it\/wp-content\/uploads\/2025\/06\/BS100_resized_5.jpg","datePublished":"2025-06-13T10:01:33+00:00","dateModified":"2026-04-18T13:34:32+00:00","description":"DJI BS100 smart charging station for TB100 and WB37 DJI Matrice 400 batteries. Fast charging, silent mode and multiple support.","breadcrumb":{"@id":"https:\/\/shop.dronebase.it\/en\/product\/dji-bs100-intelligent-battery-station-for-dji-matrice-400\/#breadcrumb"},"inLanguage":"en-US","potentialAction":[{"@type":"ReadAction","target":["https:\/\/shop.dronebase.it\/en\/product\/dji-bs100-intelligent-battery-station-for-dji-matrice-400\/"]}]},{"@type":"ImageObject","inLanguage":"en-US","@id":"https:\/\/shop.dronebase.it\/en\/product\/dji-bs100-intelligent-battery-station-for-dji-matrice-400\/#primaryimage","url":"https:\/\/shop.dronebase.it\/wp-content\/uploads\/2025\/06\/BS100_resized_5.jpg","contentUrl":"https:\/\/shop.dronebase.it\/wp-content\/uploads\/2025\/06\/BS100_resized_5.jpg","width":800,"height":800},{"@type":"BreadcrumbList","@id":"https:\/\/shop.dronebase.it\/en\/product\/dji-bs100-intelligent-battery-station-for-dji-matrice-400\/#breadcrumb","itemListElement":[{"@type":"ListItem","position":1,"name":"Home","item":"https:\/\/shop.dronebase.it\/en\/"},{"@type":"ListItem","position":2,"name":"Shop","item":"https:\/\/shop.dronebase.it\/en\/shop\/"},{"@type":"ListItem","position":3,"name":"DJI BS100 Intelligent Battery Station for DJI Matrice 400"}]},{"@type":"WebSite","@id":"https:\/\/shop.dronebase.it\/en\/#website","url":"https:\/\/shop.dronebase.it\/en\/","name":"DroneBase | Droni Professionali","description":"","potentialAction":[{"@type":"SearchAction","target":{"@type":"EntryPoint","urlTemplate":"https:\/\/shop.dronebase.it\/en\/?s={search_term_string}"},"query-input":{"@type":"PropertyValueSpecification","valueRequired":true,"valueName":"search_term_string"}}],"inLanguage":"en-US"}]}},"_links":{"self":[{"href":"https:\/\/shop.dronebase.it\/en\/wp-json\/wp\/v2\/product\/31572","targetHints":{"allow":["GET"]}}],"collection":[{"href":"https:\/\/shop.dronebase.it\/en\/wp-json\/wp\/v2\/product"}],"about":[{"href":"https:\/\/shop.dronebase.it\/en\/wp-json\/wp\/v2\/types\/product"}],"replies":[{"embeddable":true,"href":"https:\/\/shop.dronebase.it\/en\/wp-json\/wp\/v2\/comments?post=31572"}],"version-history":[{"count":0,"href":"https:\/\/shop.dronebase.it\/en\/wp-json\/wp\/v2\/product\/31572\/revisions"}],"wp:featuredmedia":[{"embeddable":true,"href":"https:\/\/shop.dronebase.it\/en\/wp-json\/wp\/v2\/media\/31398"}],"wp:attachment":[{"href":"https:\/\/shop.dronebase.it\/en\/wp-json\/wp\/v2\/media?parent=31572"}],"wp:term":[{"taxonomy":"product_brand","embeddable":true,"href":"https:\/\/shop.dronebase.it\/en\/wp-json\/wp\/v2\/product_brand?post=31572"},{"taxonomy":"product_cat","embeddable":true,"href":"https:\/\/shop.dronebase.it\/en\/wp-json\/wp\/v2\/product_cat?post=31572"},{"taxonomy":"product_tag","embeddable":true,"href":"https:\/\/shop.dronebase.it\/en\/wp-json\/wp\/v2\/product_tag?post=31572"}],"curies":[{"name":"wp","href":"https:\/\/api.w.org\/{rel}","templated":true}]}}